{"id":7204,"date":"2020-10-17T16:53:13","date_gmt":"2020-10-17T15:53:13","guid":{"rendered":"http:\/\/feastofesthercmr.org\/our-visioneer\/"},"modified":"2020-11-02T14:34:50","modified_gmt":"2020-11-02T13:34:50","slug":"notre-visioneer","status":"publish","type":"page","link":"https:\/\/feastofesthercmr.org\/fr\/notre-visioneer\/","title":{"rendered":"Notre Visioneer"},"content":{"rendered":"<div id=\"cs-content\" class=\"cs-content\"><\/div>\n","protected":false},"excerpt":{"rendered":"<p>Notre VisioneerPASTOR MRS. FOLU ADEBOYELA VISIONNEURLe pasteur Mme Folu Adeboye est l&rsquo;\u00e9pouse du Surintendantt G\u00e9n\u00e9ral de l&rsquo;\u00c9glise Chr\u00e9tienne Rachet\u00e9e de Dieu (RCCG) dans le monde. Elle est une m\u00e8re, une mentor, une enseignante et une femme dans le minist\u00e8re. Au fil des ans, elle a \u00e9t\u00e9 reconnue pour son efficience, son efficacit\u00e9, son excellence et son \u00e9quilibre des r\u00f4les. En &#8230; <a href=\"https:\/\/feastofesthercmr.org\/fr\/notre-visioneer\/\" class=\"more-link\">Read More<\/a><\/p>\n","protected":false},"author":1,"featured_media":0,"parent":0,"menu_order":0,"comment_status":"closed","ping_status":"closed","template":"template-blank-4.php","meta":{"footnotes":""},"class_list":["post-7204","page","type-page","status-publish","hentry","no-post-thumbnail"],"acf":[],"_links":{"self":[{"href":"https:\/\/feastofesthercmr.org\/fr\/wp-json\/wp\/v2\/pages\/7204","targetHints":{"allow":["GET"]}}],"collection":[{"href":"https:\/\/feastofesthercmr.org\/fr\/wp-json\/wp\/v2\/pages"}],"about":[{"href":"https:\/\/feastofesthercmr.org\/fr\/wp-json\/wp\/v2\/types\/page"}],"author":[{"embeddable":true,"href":"https:\/\/feastofesthercmr.org\/fr\/wp-json\/wp\/v2\/users\/1"}],"replies":[{"embeddable":true,"href":"https:\/\/feastofesthercmr.org\/fr\/wp-json\/wp\/v2\/comments?post=7204"}],"version-history":[{"count":12,"href":"https:\/\/feastofesthercmr.org\/fr\/wp-json\/wp\/v2\/pages\/7204\/revisions"}],"predecessor-version":[{"id":7487,"href":"https:\/\/feastofesthercmr.org\/fr\/wp-json\/wp\/v2\/pages\/7204\/revisions\/7487"}],"wp:attachment":[{"href":"https:\/\/feastofesthercmr.org\/fr\/wp-json\/wp\/v2\/media?parent=7204"}],"curies":[{"name":"wp","href":"https:\/\/api.w.org\/{rel}","templated":true}]}}