{"id":7199,"date":"2020-10-18T09:34:33","date_gmt":"2020-10-18T08:34:33","guid":{"rendered":"http:\/\/feastofesthercmr.org\/mutengene\/"},"modified":"2020-11-02T11:29:34","modified_gmt":"2020-11-02T10:29:34","slug":"mutengene","status":"publish","type":"page","link":"https:\/\/feastofesthercmr.org\/fr\/mutengene\/","title":{"rendered":"Mutengene"},"content":{"rendered":"<div id=\"cs-content\" class=\"cs-content\"><\/div>\n","protected":false},"excerpt":{"rendered":"<p>Festin d&rsquo;Esther cameroonCoordinatrice Pour MutengenePastor Pamela Kubuh Coordinatrice Pour MutengeneMinist\u00e8re\u00c9pouse Du Surintendant G\u00e9n\u00e9ral ContactTelephone: 6 93 53 27 83 Festin d&rsquo;Esther cameroonCoordinatrice Pour Mutengene Pastor Pamela Kubuh Coordinatrice Pour Mutengene Minist\u00e8re\u00c9pouse Du Surintendant G\u00e9n\u00e9ral ContactTelephone: 6 93 53 27 83<\/p>\n","protected":false},"author":1,"featured_media":0,"parent":0,"menu_order":0,"comment_status":"closed","ping_status":"closed","template":"template-blank-4.php","meta":{"footnotes":""},"class_list":["post-7199","page","type-page","status-publish","hentry","no-post-thumbnail"],"acf":[],"_links":{"self":[{"href":"https:\/\/feastofesthercmr.org\/fr\/wp-json\/wp\/v2\/pages\/7199","targetHints":{"allow":["GET"]}}],"collection":[{"href":"https:\/\/feastofesthercmr.org\/fr\/wp-json\/wp\/v2\/pages"}],"about":[{"href":"https:\/\/feastofesthercmr.org\/fr\/wp-json\/wp\/v2\/types\/page"}],"author":[{"embeddable":true,"href":"https:\/\/feastofesthercmr.org\/fr\/wp-json\/wp\/v2\/users\/1"}],"replies":[{"embeddable":true,"href":"https:\/\/feastofesthercmr.org\/fr\/wp-json\/wp\/v2\/comments?post=7199"}],"version-history":[{"count":3,"href":"https:\/\/feastofesthercmr.org\/fr\/wp-json\/wp\/v2\/pages\/7199\/revisions"}],"predecessor-version":[{"id":7424,"href":"https:\/\/feastofesthercmr.org\/fr\/wp-json\/wp\/v2\/pages\/7199\/revisions\/7424"}],"wp:attachment":[{"href":"https:\/\/feastofesthercmr.org\/fr\/wp-json\/wp\/v2\/media?parent=7199"}],"curies":[{"name":"wp","href":"https:\/\/api.w.org\/{rel}","templated":true}]}}