{"id":7195,"date":"2020-10-19T13:00:26","date_gmt":"2020-10-19T12:00:26","guid":{"rendered":"http:\/\/feastofesthercmr.org\/bamenda\/"},"modified":"2020-11-05T09:25:30","modified_gmt":"2020-11-05T08:25:30","slug":"bamenda","status":"publish","type":"page","link":"https:\/\/feastofesthercmr.org\/fr\/bamenda\/","title":{"rendered":"Bamenda"},"content":{"rendered":"<div id=\"cs-content\" class=\"cs-content\"><\/div>\n","protected":false},"excerpt":{"rendered":"<p>Festin D&rsquo;esther camerounCoordinatrice Pour BamendaMrs. Veronica TangieCoordinatrice Pour BamendaMinist\u00e8reMinist\u00e8re Des Orphelins, Des N\u00e9cessiteux Et Des Prisons ContactTelephone: 6 77 51 49 50 Festin D&rsquo;esther camerounCoordinatrice Pour Bamenda Mrs. Veronica TangieCoordinatrice Pour Bamenda Minist\u00e8reMinist\u00e8re Des Orphelins, Des N\u00e9cessiteux Et Des Prisons ContactTelephone: 6 77 51 49 50<\/p>\n","protected":false},"author":1,"featured_media":0,"parent":0,"menu_order":0,"comment_status":"closed","ping_status":"closed","template":"template-blank-4.php","meta":{"footnotes":""},"class_list":["post-7195","page","type-page","status-publish","hentry","no-post-thumbnail"],"acf":[],"_links":{"self":[{"href":"https:\/\/feastofesthercmr.org\/fr\/wp-json\/wp\/v2\/pages\/7195","targetHints":{"allow":["GET"]}}],"collection":[{"href":"https:\/\/feastofesthercmr.org\/fr\/wp-json\/wp\/v2\/pages"}],"about":[{"href":"https:\/\/feastofesthercmr.org\/fr\/wp-json\/wp\/v2\/types\/page"}],"author":[{"embeddable":true,"href":"https:\/\/feastofesthercmr.org\/fr\/wp-json\/wp\/v2\/users\/1"}],"replies":[{"embeddable":true,"href":"https:\/\/feastofesthercmr.org\/fr\/wp-json\/wp\/v2\/comments?post=7195"}],"version-history":[{"count":7,"href":"https:\/\/feastofesthercmr.org\/fr\/wp-json\/wp\/v2\/pages\/7195\/revisions"}],"predecessor-version":[{"id":7556,"href":"https:\/\/feastofesthercmr.org\/fr\/wp-json\/wp\/v2\/pages\/7195\/revisions\/7556"}],"wp:attachment":[{"href":"https:\/\/feastofesthercmr.org\/fr\/wp-json\/wp\/v2\/media?parent=7195"}],"curies":[{"name":"wp","href":"https:\/\/api.w.org\/{rel}","templated":true}]}}