{"id":7194,"date":"2020-10-19T13:00:54","date_gmt":"2020-10-19T12:00:54","guid":{"rendered":"http:\/\/feastofesthercmr.org\/buea\/"},"modified":"2020-11-02T09:11:34","modified_gmt":"2020-11-02T08:11:34","slug":"buea","status":"publish","type":"page","link":"https:\/\/feastofesthercmr.org\/fr\/buea\/","title":{"rendered":"Buea"},"content":{"rendered":"<div id=\"cs-content\" class=\"cs-content\"><\/div>\n","protected":false},"excerpt":{"rendered":"<p>Festin d&rsquo;Esther cameroonCoordinatrice Pour BueaPastor Alida NumbeCoordinatrice Pour BueaMinist\u00e8re\u00c9pouse Du Surintendant G\u00e9n\u00e9ral ContactTelephone: 6 79 34 02 95 Festin d&rsquo;Esther cameroonCoordinatrice Pour Buea Pastor Alida NumbeCoordinatrice Pour Buea Minist\u00e8re\u00c9pouse Du Surintendant G\u00e9n\u00e9ral ContactTelephone: 6 79 34 02 95<\/p>\n","protected":false},"author":1,"featured_media":0,"parent":0,"menu_order":0,"comment_status":"closed","ping_status":"closed","template":"template-blank-4.php","meta":{"footnotes":""},"class_list":["post-7194","page","type-page","status-publish","hentry","no-post-thumbnail"],"acf":[],"_links":{"self":[{"href":"https:\/\/feastofesthercmr.org\/fr\/wp-json\/wp\/v2\/pages\/7194","targetHints":{"allow":["GET"]}}],"collection":[{"href":"https:\/\/feastofesthercmr.org\/fr\/wp-json\/wp\/v2\/pages"}],"about":[{"href":"https:\/\/feastofesthercmr.org\/fr\/wp-json\/wp\/v2\/types\/page"}],"author":[{"embeddable":true,"href":"https:\/\/feastofesthercmr.org\/fr\/wp-json\/wp\/v2\/users\/1"}],"replies":[{"embeddable":true,"href":"https:\/\/feastofesthercmr.org\/fr\/wp-json\/wp\/v2\/comments?post=7194"}],"version-history":[{"count":3,"href":"https:\/\/feastofesthercmr.org\/fr\/wp-json\/wp\/v2\/pages\/7194\/revisions"}],"predecessor-version":[{"id":7402,"href":"https:\/\/feastofesthercmr.org\/fr\/wp-json\/wp\/v2\/pages\/7194\/revisions\/7402"}],"wp:attachment":[{"href":"https:\/\/feastofesthercmr.org\/fr\/wp-json\/wp\/v2\/media?parent=7194"}],"curies":[{"name":"wp","href":"https:\/\/api.w.org\/{rel}","templated":true}]}}