{"id":7190,"date":"2020-10-18T09:33:32","date_gmt":"2020-10-18T08:33:32","guid":{"rendered":"http:\/\/feastofesthercmr.org\/douala\/"},"modified":"2020-11-02T11:07:55","modified_gmt":"2020-11-02T10:07:55","slug":"douala","status":"publish","type":"page","link":"https:\/\/feastofesthercmr.org\/fr\/douala\/","title":{"rendered":"Douala"},"content":{"rendered":"<div id=\"cs-content\" class=\"cs-content\"><\/div>\n","protected":false},"excerpt":{"rendered":"<p>Festin d&rsquo;Esther cameroonCoordinatrice Pour DoualaRev. Evelyn Nkeng PehCoordinatrice Pour DoualaMinist\u00e8reTouch of God Ministries | \u00c9pouse Du Surintendant G\u00e9n\u00e9ral ContactTelephone: +237 6 77 40 02 99 Festin d&rsquo;Esther cameroonCoordinatrice Pour Douala Rev. Evelyn Nkeng PehCoordinatrice Pour Douala Minist\u00e8reTouch of God Ministries | \u00c9pouse Du Surintendant G\u00e9n\u00e9ral ContactTelephone: +237 6 77 40 02 99<\/p>\n","protected":false},"author":1,"featured_media":0,"parent":0,"menu_order":0,"comment_status":"closed","ping_status":"closed","template":"template-blank-4.php","meta":{"footnotes":""},"class_list":["post-7190","page","type-page","status-publish","hentry","no-post-thumbnail"],"acf":[],"_links":{"self":[{"href":"https:\/\/feastofesthercmr.org\/fr\/wp-json\/wp\/v2\/pages\/7190","targetHints":{"allow":["GET"]}}],"collection":[{"href":"https:\/\/feastofesthercmr.org\/fr\/wp-json\/wp\/v2\/pages"}],"about":[{"href":"https:\/\/feastofesthercmr.org\/fr\/wp-json\/wp\/v2\/types\/page"}],"author":[{"embeddable":true,"href":"https:\/\/feastofesthercmr.org\/fr\/wp-json\/wp\/v2\/users\/1"}],"replies":[{"embeddable":true,"href":"https:\/\/feastofesthercmr.org\/fr\/wp-json\/wp\/v2\/comments?post=7190"}],"version-history":[{"count":3,"href":"https:\/\/feastofesthercmr.org\/fr\/wp-json\/wp\/v2\/pages\/7190\/revisions"}],"predecessor-version":[{"id":7412,"href":"https:\/\/feastofesthercmr.org\/fr\/wp-json\/wp\/v2\/pages\/7190\/revisions\/7412"}],"wp:attachment":[{"href":"https:\/\/feastofesthercmr.org\/fr\/wp-json\/wp\/v2\/media?parent=7190"}],"curies":[{"name":"wp","href":"https:\/\/api.w.org\/{rel}","templated":true}]}}