{"id":7188,"date":"2017-07-07T03:35:19","date_gmt":"2017-07-07T08:35:19","guid":{"rendered":"http:\/\/feastofesthercmr.org\/about-us\/"},"modified":"2023-01-25T01:01:09","modified_gmt":"2023-01-25T00:01:09","slug":"a-propos","status":"publish","type":"page","link":"https:\/\/feastofesthercmr.org\/fr\/a-propos\/","title":{"rendered":"\u00c0 Propos"},"content":{"rendered":"<div id=\"cs-content\" class=\"cs-content\"><\/div>\n","protected":false},"excerpt":{"rendered":"<p>\u00c0 PROPOS DE NOUSFestin d&rsquo;Esther Cameroun\u00c0 propos du Festin d&rsquo;Esther CameroonQu&rsquo;est-Ce Que Le Festin d&rsquo;EstherLe Festin d&rsquo;Esther est une f\u00eate annuelle organis\u00e9e par l&rsquo;\u00e9pouse du Surintendant G\u00e9n\u00e9ral de L&rsquo;\u00e9glise Chr\u00e9tienne Rachet\u00e9e de Dieu Pastor (Mme) Folu Adeboye. C&rsquo;est une vision et une mission divine donn\u00e9e par Dieu. Le Festin d&rsquo;Esther est le rassemblement de femmes qui sont des surintendantes g\u00e9n\u00e9rales &#8230; <a href=\"https:\/\/feastofesthercmr.org\/fr\/a-propos\/\" class=\"more-link\">Read More<\/a><\/p>\n","protected":false},"author":1,"featured_media":0,"parent":0,"menu_order":0,"comment_status":"closed","ping_status":"closed","template":"template-blank-4.php","meta":{"footnotes":""},"class_list":["post-7188","page","type-page","status-publish","hentry","no-post-thumbnail"],"acf":[],"_links":{"self":[{"href":"https:\/\/feastofesthercmr.org\/fr\/wp-json\/wp\/v2\/pages\/7188","targetHints":{"allow":["GET"]}}],"collection":[{"href":"https:\/\/feastofesthercmr.org\/fr\/wp-json\/wp\/v2\/pages"}],"about":[{"href":"https:\/\/feastofesthercmr.org\/fr\/wp-json\/wp\/v2\/types\/page"}],"author":[{"embeddable":true,"href":"https:\/\/feastofesthercmr.org\/fr\/wp-json\/wp\/v2\/users\/1"}],"replies":[{"embeddable":true,"href":"https:\/\/feastofesthercmr.org\/fr\/wp-json\/wp\/v2\/comments?post=7188"}],"version-history":[{"count":11,"href":"https:\/\/feastofesthercmr.org\/fr\/wp-json\/wp\/v2\/pages\/7188\/revisions"}],"predecessor-version":[{"id":7835,"href":"https:\/\/feastofesthercmr.org\/fr\/wp-json\/wp\/v2\/pages\/7188\/revisions\/7835"}],"wp:attachment":[{"href":"https:\/\/feastofesthercmr.org\/fr\/wp-json\/wp\/v2\/media?parent=7188"}],"curies":[{"name":"wp","href":"https:\/\/api.w.org\/{rel}","templated":true}]}}