{"id":7187,"date":"2020-10-18T09:37:04","date_gmt":"2020-10-18T08:37:04","guid":{"rendered":"http:\/\/feastofesthercmr.org\/bafoussam\/"},"modified":"2020-11-23T13:35:49","modified_gmt":"2020-11-23T12:35:49","slug":"bafoussam","status":"publish","type":"page","link":"https:\/\/feastofesthercmr.org\/fr\/bafoussam\/","title":{"rendered":"Bafoussam"},"content":{"rendered":"<div id=\"cs-content\" class=\"cs-content\"><\/div>\n","protected":false},"excerpt":{"rendered":"<p>FESTIN D&rsquo;ESTHER CAMEROUNCoordinatrice Pour BafoussamMrs. Mafotsing Yomgni \u00c9pouse Souffo Marie HerbertCoordinatrice Pour BafoussamMinist\u00e8reAssembl\u00e9e Des \u00c9glises Minist\u00e8re De La Gr\u00e2ce Divine | \u00c9pouse Du surintendant G\u00e9n\u00e9ral ContactTelephone: \u200e6 72 85 03 98 | 6 59 23 95 22 FESTIN D&rsquo;ESTHER CAMEROUNCoordinatrice Pour Bafoussam Mrs. Mafotsing Yomgni \u00c9pouse Souffo Marie HerbertCoordinatrice Pour Bafoussam Minist\u00e8reAssembl\u00e9e Des \u00c9glises Minist\u00e8re De La Gr\u00e2ce Divine | &#8230; <a href=\"https:\/\/feastofesthercmr.org\/fr\/bafoussam\/\" class=\"more-link\">Read More<\/a><\/p>\n","protected":false},"author":1,"featured_media":0,"parent":0,"menu_order":0,"comment_status":"closed","ping_status":"closed","template":"template-blank-4.php","meta":{"footnotes":""},"class_list":["post-7187","page","type-page","status-publish","hentry","no-post-thumbnail"],"acf":[],"_links":{"self":[{"href":"https:\/\/feastofesthercmr.org\/fr\/wp-json\/wp\/v2\/pages\/7187","targetHints":{"allow":["GET"]}}],"collection":[{"href":"https:\/\/feastofesthercmr.org\/fr\/wp-json\/wp\/v2\/pages"}],"about":[{"href":"https:\/\/feastofesthercmr.org\/fr\/wp-json\/wp\/v2\/types\/page"}],"author":[{"embeddable":true,"href":"https:\/\/feastofesthercmr.org\/fr\/wp-json\/wp\/v2\/users\/1"}],"replies":[{"embeddable":true,"href":"https:\/\/feastofesthercmr.org\/fr\/wp-json\/wp\/v2\/comments?post=7187"}],"version-history":[{"count":15,"href":"https:\/\/feastofesthercmr.org\/fr\/wp-json\/wp\/v2\/pages\/7187\/revisions"}],"predecessor-version":[{"id":7631,"href":"https:\/\/feastofesthercmr.org\/fr\/wp-json\/wp\/v2\/pages\/7187\/revisions\/7631"}],"wp:attachment":[{"href":"https:\/\/feastofesthercmr.org\/fr\/wp-json\/wp\/v2\/media?parent=7187"}],"curies":[{"name":"wp","href":"https:\/\/api.w.org\/{rel}","templated":true}]}}